{"id":15,"date":"2023-11-02T02:39:32","date_gmt":"2023-11-02T02:39:32","guid":{"rendered":"http:\/\/absec.com.pe\/adminserverweb\/?page_id=15"},"modified":"2023-11-17T16:12:46","modified_gmt":"2023-11-17T16:12:46","slug":"trabaja-con-nosotros","status":"publish","type":"page","link":"http:\/\/absec.com.pe\/adminserverweb\/trabaja-con-nosotros\/","title":{"rendered":"Trabaja con nosotros"},"content":{"rendered":"\t\t<div data-elementor-type=\"wp-page\" data-elementor-id=\"15\" class=\"elementor elementor-15\" data-elementor-post-type=\"page\">\n\t\t\t\t\t\t<section class=\"ob-is-breaking-bad elementor-section elementor-top-section elementor-element elementor-element-4ee363e elementor-section-boxed elementor-section-height-default elementor-section-height-default\" data-id=\"4ee363e\" data-element_type=\"section\" data-e-type=\"section\" data-settings=\"{&quot;background_background&quot;:&quot;classic&quot;,&quot;_ob_bbad_use_it&quot;:&quot;yes&quot;,&quot;_ob_bbad_sssic_use&quot;:&quot;no&quot;,&quot;_ob_glider_is_slider&quot;:&quot;no&quot;}\">\n\t\t\t\t\t\t\t<div class=\"elementor-background-overlay\"><\/div>\n\t\t\t\t\t\t\t<div class=\"elementor-container elementor-column-gap-default\">\n\t\t\t\t\t<div class=\"elementor-column elementor-col-50 elementor-top-column elementor-element elementor-element-67f73d3\" data-id=\"67f73d3\" data-element_type=\"column\" data-e-type=\"column\" data-settings=\"{&quot;background_background&quot;:&quot;classic&quot;,&quot;_ob_bbad_is_stalker&quot;:&quot;no&quot;,&quot;_ob_teleporter_use&quot;:false,&quot;_ob_column_hoveranimator&quot;:&quot;no&quot;,&quot;_ob_column_has_pseudo&quot;:&quot;no&quot;}\">\n\t\t\t<div class=\"elementor-widget-wrap elementor-element-populated\">\n\t\t\t\t\t\t<section class=\"ob-is-breaking-bad ob-bb-inner elementor-section elementor-inner-section elementor-element elementor-element-f8d5f00 elementor-section-boxed elementor-section-height-default elementor-section-height-default\" data-id=\"f8d5f00\" data-element_type=\"section\" data-e-type=\"section\" data-settings=\"{&quot;_ob_bbad_use_it&quot;:&quot;yes&quot;,&quot;_ob_bbad_sssic_use&quot;:&quot;no&quot;,&quot;_ob_glider_is_slider&quot;:&quot;no&quot;}\">\n\t\t\t\t\t\t<div class=\"elementor-container elementor-column-gap-default\">\n\t\t\t\t\t<div class=\"elementor-column elementor-col-100 elementor-inner-column elementor-element elementor-element-3e9d038\" data-id=\"3e9d038\" data-element_type=\"column\" data-e-type=\"column\" data-settings=\"{&quot;_ob_bbad_is_stalker&quot;:&quot;no&quot;,&quot;_ob_teleporter_use&quot;:false,&quot;_ob_column_hoveranimator&quot;:&quot;no&quot;,&quot;_ob_column_has_pseudo&quot;:&quot;no&quot;}\">\n\t\t\t<div class=\"elementor-widget-wrap elementor-element-populated\">\n\t\t\t\t\t\t<div class=\"elementor-element elementor-element-50dbc5d ob-harakiri-inherit ob-has-background-overlay elementor-widget elementor-widget-heading\" data-id=\"50dbc5d\" data-element_type=\"widget\" data-e-type=\"widget\" data-settings=\"{&quot;_ob_use_harakiri&quot;:&quot;yes&quot;,&quot;_ob_harakiri_writing_mode&quot;:&quot;inherit&quot;,&quot;_ob_harakiri_text_clip&quot;:&quot;none&quot;,&quot;_ob_perspektive_use&quot;:&quot;no&quot;,&quot;_ob_poopart_use&quot;:&quot;yes&quot;,&quot;_ob_shadough_use&quot;:&quot;no&quot;,&quot;_ob_allow_hoveranimator&quot;:&quot;no&quot;,&quot;_ob_widget_stalker_use&quot;:&quot;no&quot;}\" data-widget_type=\"heading.default\">\n\t\t\t\t<div class=\"elementor-widget-container\">\n\t\t\t\t\t<h1 class=\"elementor-heading-title elementor-size-default\">Trabaja con nosotros<\/h1>\t\t\t\t<\/div>\n\t\t\t\t<\/div>\n\t\t\t\t<div class=\"elementor-element elementor-element-52d9ceb ob-harakiri-inherit ob-has-background-overlay elementor-widget elementor-widget-heading\" data-id=\"52d9ceb\" data-element_type=\"widget\" data-e-type=\"widget\" data-settings=\"{&quot;_ob_use_harakiri&quot;:&quot;yes&quot;,&quot;_ob_harakiri_writing_mode&quot;:&quot;inherit&quot;,&quot;_ob_harakiri_text_clip&quot;:&quot;none&quot;,&quot;_ob_perspektive_use&quot;:&quot;no&quot;,&quot;_ob_poopart_use&quot;:&quot;yes&quot;,&quot;_ob_shadough_use&quot;:&quot;no&quot;,&quot;_ob_allow_hoveranimator&quot;:&quot;no&quot;,&quot;_ob_widget_stalker_use&quot;:&quot;no&quot;}\" data-widget_type=\"heading.default\">\n\t\t\t\t<div class=\"elementor-widget-container\">\n\t\t\t\t\t<h2 class=\"elementor-heading-title elementor-size-default\">\u00danete a nuestro equipo<\/h2>\t\t\t\t<\/div>\n\t\t\t\t<\/div>\n\t\t\t\t<div class=\"elementor-element elementor-element-3f9426f ob-harakiri-inherit ob-has-background-overlay elementor-widget elementor-widget-text-editor\" data-id=\"3f9426f\" data-element_type=\"widget\" data-e-type=\"widget\" data-settings=\"{&quot;_ob_use_harakiri&quot;:&quot;yes&quot;,&quot;_ob_harakiri_writing_mode&quot;:&quot;inherit&quot;,&quot;_ob_postman_use&quot;:&quot;no&quot;,&quot;_ob_perspektive_use&quot;:&quot;no&quot;,&quot;_ob_poopart_use&quot;:&quot;yes&quot;,&quot;_ob_shadough_use&quot;:&quot;no&quot;,&quot;_ob_allow_hoveranimator&quot;:&quot;no&quot;,&quot;_ob_widget_stalker_use&quot;:&quot;no&quot;}\" data-widget_type=\"text-editor.default\">\n\t\t\t\t<div class=\"elementor-widget-container\">\n\t\t\t\t\t\t\t\t\t<p>Descubre oportunidades emocionantes para formar parte de nuestro equipo y contribuir a nuestro \u00e9xito compartido.<\/p>\t\t\t\t\t\t\t\t<\/div>\n\t\t\t\t<\/div>\n\t\t\t\t\t<\/div>\n\t\t<\/div>\n\t\t\t\t\t<\/div>\n\t\t<\/section>\n\t\t\t\t<section class=\"ob-is-breaking-bad ob-bb-inner elementor-section elementor-inner-section elementor-element elementor-element-e0c8913 elementor-section-boxed elementor-section-height-default elementor-section-height-default\" data-id=\"e0c8913\" data-element_type=\"section\" data-e-type=\"section\" data-settings=\"{&quot;_ob_bbad_use_it&quot;:&quot;yes&quot;,&quot;_ob_bbad_sssic_use&quot;:&quot;no&quot;,&quot;_ob_glider_is_slider&quot;:&quot;no&quot;}\">\n\t\t\t\t\t\t<div class=\"elementor-container elementor-column-gap-default\">\n\t\t\t\t\t<div class=\"elementor-column elementor-col-100 elementor-inner-column elementor-element elementor-element-0416d2b\" data-id=\"0416d2b\" data-element_type=\"column\" data-e-type=\"column\" data-settings=\"{&quot;_ob_bbad_is_stalker&quot;:&quot;no&quot;,&quot;_ob_teleporter_use&quot;:false,&quot;_ob_column_hoveranimator&quot;:&quot;no&quot;,&quot;_ob_column_has_pseudo&quot;:&quot;no&quot;}\">\n\t\t\t<div class=\"elementor-widget-wrap elementor-element-populated\">\n\t\t\t\t\t\t<div class=\"elementor-element elementor-element-97f296e ob-harakiri-inherit ob-has-background-overlay elementor-widget elementor-widget-heading\" data-id=\"97f296e\" data-element_type=\"widget\" data-e-type=\"widget\" data-settings=\"{&quot;_ob_use_harakiri&quot;:&quot;yes&quot;,&quot;_ob_harakiri_writing_mode&quot;:&quot;inherit&quot;,&quot;_ob_harakiri_text_clip&quot;:&quot;none&quot;,&quot;_ob_perspektive_use&quot;:&quot;no&quot;,&quot;_ob_poopart_use&quot;:&quot;yes&quot;,&quot;_ob_shadough_use&quot;:&quot;no&quot;,&quot;_ob_allow_hoveranimator&quot;:&quot;no&quot;,&quot;_ob_widget_stalker_use&quot;:&quot;no&quot;}\" data-widget_type=\"heading.default\">\n\t\t\t\t<div class=\"elementor-widget-container\">\n\t\t\t\t\t<div class=\"elementor-heading-title elementor-size-default\">Canales de postulaci\u00f3n<\/div>\t\t\t\t<\/div>\n\t\t\t\t<\/div>\n\t\t\t\t<div class=\"elementor-element elementor-element-84305c2 ob-harakiri-inherit ob-has-background-overlay elementor-widget elementor-widget-heading\" data-id=\"84305c2\" data-element_type=\"widget\" data-e-type=\"widget\" data-settings=\"{&quot;_ob_use_harakiri&quot;:&quot;yes&quot;,&quot;_ob_harakiri_writing_mode&quot;:&quot;inherit&quot;,&quot;_ob_harakiri_text_clip&quot;:&quot;none&quot;,&quot;_ob_perspektive_use&quot;:&quot;no&quot;,&quot;_ob_poopart_use&quot;:&quot;yes&quot;,&quot;_ob_shadough_use&quot;:&quot;no&quot;,&quot;_ob_allow_hoveranimator&quot;:&quot;no&quot;,&quot;_ob_widget_stalker_use&quot;:&quot;no&quot;}\" data-widget_type=\"heading.default\">\n\t\t\t\t<div class=\"elementor-widget-container\">\n\t\t\t\t\t<span class=\"elementor-heading-title elementor-size-default\">Escr\u00edbenos <\/span>\t\t\t\t<\/div>\n\t\t\t\t<\/div>\n\t\t\t\t<div class=\"elementor-element elementor-element-20ba366 elementor-icon-list--layout-traditional elementor-list-item-link-full_width ob-has-background-overlay elementor-widget elementor-widget-icon-list\" data-id=\"20ba366\" data-element_type=\"widget\" data-e-type=\"widget\" data-settings=\"{&quot;_ob_perspektive_use&quot;:&quot;no&quot;,&quot;_ob_poopart_use&quot;:&quot;yes&quot;,&quot;_ob_shadough_use&quot;:&quot;no&quot;,&quot;_ob_allow_hoveranimator&quot;:&quot;no&quot;,&quot;_ob_widget_stalker_use&quot;:&quot;no&quot;}\" data-widget_type=\"icon-list.default\">\n\t\t\t\t<div class=\"elementor-widget-container\">\n\t\t\t\t\t\t\t<ul class=\"elementor-icon-list-items\">\n\t\t\t\t\t\t\t<li class=\"elementor-icon-list-item\">\n\t\t\t\t\t\t\t\t\t\t\t<a href=\"mailto:administracion@absec.com.pe\" target=\"_blank\">\n\n\t\t\t\t\t\t\t\t\t\t\t<span class=\"elementor-icon-list-text\">administracion@absec.com.pe<\/span>\n\t\t\t\t\t\t\t\t\t\t\t<\/a>\n\t\t\t\t\t\t\t\t\t<\/li>\n\t\t\t\t\t\t<\/ul>\n\t\t\t\t\t\t<\/div>\n\t\t\t\t<\/div>\n\t\t\t\t<div class=\"elementor-element elementor-element-3f65167 elementor-align-left elementor-mobile-align-justify btn-primary ob-has-background-overlay elementor-widget elementor-widget-button\" data-id=\"3f65167\" data-element_type=\"widget\" data-e-type=\"widget\" data-settings=\"{&quot;_ob_butterbutton_use_it&quot;:&quot;no&quot;,&quot;_ob_perspektive_use&quot;:&quot;no&quot;,&quot;_ob_poopart_use&quot;:&quot;yes&quot;,&quot;_ob_shadough_use&quot;:&quot;no&quot;,&quot;_ob_allow_hoveranimator&quot;:&quot;no&quot;,&quot;_ob_widget_stalker_use&quot;:&quot;no&quot;}\" data-widget_type=\"button.default\">\n\t\t\t\t<div class=\"elementor-widget-container\">\n\t\t\t\t\t\t\t\t\t<div class=\"elementor-button-wrapper\">\n\t\t\t\t\t<a class=\"elementor-button elementor-button-link elementor-size-sm\" href=\"#\">\n\t\t\t\t\t\t<span class=\"elementor-button-content-wrapper\">\n\t\t\t\t\t\t<span class=\"elementor-button-icon\">\n\t\t\t\t<svg xmlns=\"http:\/\/www.w3.org\/2000\/svg\" width=\"24\" height=\"24\" viewBox=\"0 0 24 24\" fill=\"none\"><path d=\"M19.0498 4.91C18.133 3.98392 17.041 3.24967 15.8374 2.75005C14.6339 2.25043 13.3429 1.99546 12.0398 2C6.5798 2 2.1298 6.45 2.1298 11.91C2.1298 13.66 2.5898 15.36 3.4498 16.86L2.0498 22L7.2998 20.62C8.7498 21.41 10.3798 21.83 12.0398 21.83C17.4998 21.83 21.9498 17.38 21.9498 11.92C21.9498 9.27 20.9198 6.78 19.0498 4.91ZM12.0398 20.15C10.5598 20.15 9.1098 19.75 7.8398 19L7.5398 18.82L4.4198 19.64L5.2498 16.6L5.0498 16.29C4.22755 14.977 3.79094 13.4592 3.7898 11.91C3.7898 7.37 7.4898 3.67 12.0298 3.67C14.2298 3.67 16.2998 4.53 17.8498 6.09C18.6173 6.85396 19.2255 7.76266 19.6392 8.76342C20.0529 9.76419 20.2638 10.8371 20.2598 11.92C20.2798 16.46 16.5798 20.15 12.0398 20.15ZM16.5598 13.99C16.3098 13.87 15.0898 13.27 14.8698 13.18C14.6398 13.1 14.4798 13.06 14.3098 13.3C14.1398 13.55 13.6698 14.11 13.5298 14.27C13.3898 14.44 13.2398 14.46 12.9898 14.33C12.7398 14.21 11.9398 13.94 10.9998 13.1C10.2598 12.44 9.7698 11.63 9.6198 11.38C9.4798 11.13 9.5998 11 9.7298 10.87C9.8398 10.76 9.9798 10.58 10.0998 10.44C10.2198 10.3 10.2698 10.19 10.3498 10.03C10.4298 9.86 10.3898 9.72 10.3298 9.6C10.2698 9.48 9.7698 8.26 9.5698 7.76C9.3698 7.28 9.1598 7.34 9.0098 7.33H8.5298C8.3598 7.33 8.0998 7.39 7.8698 7.64C7.6498 7.89 7.0098 8.49 7.0098 9.71C7.0098 10.93 7.89981 12.11 8.0198 12.27C8.1398 12.44 9.7698 14.94 12.2498 16.01C12.8398 16.27 13.2998 16.42 13.6598 16.53C14.2498 16.72 14.7898 16.69 15.2198 16.63C15.6998 16.56 16.6898 16.03 16.8898 15.45C17.0998 14.87 17.0998 14.38 17.0298 14.27C16.9598 14.16 16.8098 14.11 16.5598 13.99Z\" fill=\"#1B1917\"><\/path><\/svg>\t\t\t<\/span>\n\t\t\t\t\t\t\t\t\t<span class=\"elementor-button-text\">Postular por<\/span>\n\t\t\t\t\t<\/span>\n\t\t\t\t\t<\/a>\n\t\t\t\t<\/div>\n\t\t\t\t\t\t\t\t<\/div>\n\t\t\t\t<\/div>\n\t\t\t\t\t<\/div>\n\t\t<\/div>\n\t\t\t\t\t<\/div>\n\t\t<\/section>\n\t\t\t\t\t<\/div>\n\t\t<\/div>\n\t\t\t\t<div class=\"elementor-column elementor-col-50 elementor-top-column elementor-element elementor-element-be1901c\" data-id=\"be1901c\" data-element_type=\"column\" data-e-type=\"column\" data-settings=\"{&quot;background_background&quot;:&quot;classic&quot;,&quot;_ob_bbad_is_stalker&quot;:&quot;no&quot;,&quot;_ob_teleporter_use&quot;:false,&quot;_ob_column_hoveranimator&quot;:&quot;no&quot;,&quot;_ob_column_has_pseudo&quot;:&quot;no&quot;}\">\n\t\t\t<div class=\"elementor-widget-wrap elementor-element-populated\">\n\t\t\t\t\t\t<div class=\"elementor-element elementor-element-b3bc132 ob-harakiri-inherit ob-has-background-overlay elementor-widget elementor-widget-text-editor\" data-id=\"b3bc132\" data-element_type=\"widget\" data-e-type=\"widget\" data-settings=\"{&quot;_ob_use_harakiri&quot;:&quot;yes&quot;,&quot;_ob_harakiri_writing_mode&quot;:&quot;inherit&quot;,&quot;_ob_postman_use&quot;:&quot;no&quot;,&quot;_ob_perspektive_use&quot;:&quot;no&quot;,&quot;_ob_poopart_use&quot;:&quot;yes&quot;,&quot;_ob_shadough_use&quot;:&quot;no&quot;,&quot;_ob_allow_hoveranimator&quot;:&quot;no&quot;,&quot;_ob_widget_stalker_use&quot;:&quot;no&quot;}\" data-widget_type=\"text-editor.default\">\n\t\t\t\t<div class=\"elementor-widget-container\">\n\t\t\t\t\t\t\t\t\t<p>D\u00e9janos tus datos y pronto un asesor se contactar\u00e1 contigo.<\/p>\t\t\t\t\t\t\t\t<\/div>\n\t\t\t\t<\/div>\n\t\t\t\t<div class=\"elementor-element elementor-element-a4b4b2a formularioc ob-has-background-overlay elementor-widget elementor-widget-elementskit-contact-form7\" data-id=\"a4b4b2a\" data-element_type=\"widget\" data-e-type=\"widget\" data-settings=\"{&quot;_ob_perspektive_use&quot;:&quot;no&quot;,&quot;_ob_poopart_use&quot;:&quot;yes&quot;,&quot;_ob_shadough_use&quot;:&quot;no&quot;,&quot;_ob_allow_hoveranimator&quot;:&quot;no&quot;,&quot;_ob_widget_stalker_use&quot;:&quot;no&quot;}\" data-widget_type=\"elementskit-contact-form7.default\">\n\t\t\t\t<div class=\"elementor-widget-container\">\n\t\t\t\t\t<div class=\"ekit-wid-con\" ><div class=\"ekit-form\">\n<div class=\"wpcf7 no-js\" id=\"wpcf7-f6-p15-o1\" lang=\"es-ES\" dir=\"ltr\" data-wpcf7-id=\"6\">\n<div class=\"screen-reader-response\"><p role=\"status\" aria-live=\"polite\" aria-atomic=\"true\"><\/p> <ul><\/ul><\/div>\n<form action=\"\/adminserverweb\/trabaja-con-nosotros\/#wpcf7-f6-p15-o1\" method=\"post\" class=\"wpcf7-form init wpcf7-acceptance-as-validation\" aria-label=\"Formulario de contacto\" enctype=\"multipart\/form-data\" novalidate=\"novalidate\" data-status=\"init\">\n<fieldset class=\"hidden-fields-container\"><input type=\"hidden\" name=\"_wpcf7\" value=\"6\" \/><input type=\"hidden\" name=\"_wpcf7_version\" value=\"6.1.5\" \/><input type=\"hidden\" name=\"_wpcf7_locale\" value=\"es_ES\" \/><input type=\"hidden\" name=\"_wpcf7_unit_tag\" value=\"wpcf7-f6-p15-o1\" \/><input type=\"hidden\" name=\"_wpcf7_container_post\" value=\"15\" \/><input type=\"hidden\" name=\"_wpcf7_posted_data_hash\" value=\"\" \/>\n<\/fieldset>\n<div class=\"row\">\n\t<div class=\"col-lg-6 col-md-12\">\n\t\t<p><label> <span class=\"wpcf7-form-control-wrap\" data-name=\"nombre\"><input size=\"40\" maxlength=\"400\" class=\"wpcf7-form-control wpcf7-text wpcf7-validates-as-required\" aria-required=\"true\" aria-invalid=\"false\" placeholder=\"Nombre*\" value=\"\" type=\"text\" name=\"nombre\" \/><\/span><\/label>\n\t\t<\/p>\n\t<\/div>\n\t<div class=\"col-lg-6 col-md-12\">\n\t\t<p><label> <span class=\"wpcf7-form-control-wrap\" data-name=\"apellido\"><input size=\"40\" maxlength=\"400\" class=\"wpcf7-form-control wpcf7-text wpcf7-validates-as-required\" aria-required=\"true\" aria-invalid=\"false\" placeholder=\"Apellido*\" value=\"\" type=\"text\" name=\"apellido\" \/><\/span><\/label>\n\t\t<\/p>\n\t<\/div>\n<\/div>\n<div class=\"row\">\n\t<div class=\"col-lg-6 col-md-12\">\n\t\t<p><label> <span class=\"wpcf7-form-control-wrap\" data-name=\"correo\"><input size=\"40\" maxlength=\"400\" class=\"wpcf7-form-control wpcf7-email wpcf7-validates-as-required wpcf7-text wpcf7-validates-as-email\" aria-required=\"true\" aria-invalid=\"false\" placeholder=\"Correo*\" value=\"\" type=\"email\" name=\"correo\" \/><\/span><\/label>\n\t\t<\/p>\n\t<\/div>\n\t<div class=\"col-lg-6 col-md-12\">\n\t\t<p><label> <span class=\"wpcf7-form-control-wrap\" data-name=\"telefono\"><input class=\"wpcf7-form-control wpcf7-number wpcf7-validates-as-required wpcf7-validates-as-number\" aria-required=\"true\" aria-invalid=\"false\" placeholder=\"Tel\u00e9fono*\" value=\"\" type=\"number\" name=\"telefono\" \/><\/span><\/label>\n\t\t<\/p>\n\t<\/div>\n<\/div>\n<div class=\"row\">\n\t<div class=\"col-12 selecpuesto\">\n\t\t<p><label> <span class=\"wpcf7-form-control-wrap\" data-name=\"puesto\"><select class=\"wpcf7-form-control wpcf7-select wpcf7-validates-as-required\" aria-required=\"true\" aria-invalid=\"false\" name=\"puesto\"><option value=\"\">Seleccionar puesto*<\/option><option value=\"Seguridad\">Seguridad<\/option><option value=\"Otros\">Otros<\/option><\/select><\/span><\/label>\n\t\t<\/p>\n\t<\/div>\n\t<div class=\"col-12 documentocv\">\n\t\t<p><label> <strong class=\"documento-adj\">Adjuntar CV<\/strong><span class=\"wpcf7-form-control-wrap\" data-name=\"documento\"><input size=\"40\" class=\"wpcf7-form-control wpcf7-file\" id=\"file-input\" accept=\".jpg,.jpeg,.png,.doc,.pdf,.ppt,.pptx\" aria-invalid=\"false\" type=\"file\" name=\"documento\" \/><\/span>Adjuntar CV (JPG, PNG, DOC, PDF, PPT), que no supere los 5MB<\/label>\n\t\t<\/p>\n\t<\/div>\n<\/div>\n<div class=\"row\">\n\t<div class=\"col-12\">\n\t\t<p><label> <span class=\"wpcf7-form-control-wrap\" data-name=\"your-message\"><textarea cols=\"40\" rows=\"10\" maxlength=\"2000\" class=\"wpcf7-form-control wpcf7-textarea\" aria-invalid=\"false\" placeholder=\"Mensaje\" name=\"your-message\"><\/textarea><\/span><\/label>\n\t\t<\/p>\n\t<\/div>\n<\/div>\n<div class=\"row\">\n\t<div class=\"col-12\">\n\t\t<p style=\"color:var( --e-global-color-text );font-size: 12px;line-height: 26px;\">(*) Campos obligatorios\n\t\t<\/p>\n\t<\/div>\n<\/div>\n<div class=\"contact_check\">\n\t<p><span class=\"wpcf7-form-control-wrap\" data-name=\"acceptance-114\"><span class=\"wpcf7-form-control wpcf7-acceptance\"><span class=\"wpcf7-list-item\"><label><input type=\"checkbox\" name=\"acceptance-114\" value=\"1\" aria-invalid=\"false\" \/><span class=\"wpcf7-list-item-label\">He le\u00eddo y acepto las <a href=\"\/politica-privacidad\/\" target=\"_blank\">Pol\u00edticas de Privacidad.<\/a>*<\/span><\/label><\/span><\/span><\/span>\n\t<\/p>\n<\/div>\n<div class=\"row\">\n\t<div class=\"col-12\">\n\t\t<p><input class=\"wpcf7-form-control wpcf7-submit has-spinner\" type=\"submit\" value=\"ENVIAR\" \/>\n\t\t<\/p>\n\t<\/div>\n<\/div><div class=\"wpcf7-response-output\" aria-hidden=\"true\"><\/div>\n<\/form>\n<\/div>\n<\/div><\/div>\t\t\t\t<\/div>\n\t\t\t\t<\/div>\n\t\t\t\t<div class=\"elementor-element elementor-element-ab837af ob-has-background-overlay elementor-widget elementor-widget-html\" data-id=\"ab837af\" data-element_type=\"widget\" data-e-type=\"widget\" data-settings=\"{&quot;_ob_perspektive_use&quot;:&quot;no&quot;,&quot;_ob_poopart_use&quot;:&quot;yes&quot;,&quot;_ob_shadough_use&quot;:&quot;no&quot;,&quot;_ob_allow_hoveranimator&quot;:&quot;no&quot;,&quot;_ob_widget_stalker_use&quot;:&quot;no&quot;}\" data-widget_type=\"html.default\">\n\t\t\t\t<div class=\"elementor-widget-container\">\n\t\t\t\t\t<style>\n\n\n\n\/* Formulario ajuste adicional CSS *\/\n\n.contact_check{\n    font-size: 12px;\n    color: #888888;\n    display: flex;\n     flex-direction: row;\n    flex-wrap: wrap;\n    justify-content: space-between;\n    align-items: center;\n    margin-top: 8px;\n    \n}\n\n\/*\nspan .wpcf7-not-valid-tip {\n    background: #E7272F;\n    padding: 28px 5px 5px 5px;\n    margin-bottom: 2px;\n    margin-top: -30px;\n    border-radius: 10px;\n} *\/\n\nspan .wpcf7-not-valid-tip {\n    background: #E7272F;\n    padding: 5px 5px 5px 5px;\n    margin-bottom: 2px;\n    margin-top: -18px;\n    border-radius: 10px;\n    position: relative;\n    width: fit-content;\n    left: 10px;\n}\n\n\n\n\n\n.contact_check .wpcf7-list-item-label{\n    line-height: 1.4;\n    margin-top: -23px;\n    margin-left: 20px;\n}\n.contact_check a{\n    color: var(--e-global-color-primary) !important;\n    text-decoration: underline;\n    font-weight: 700;\n    border-bottom: 1px solid var(--e-global-color-primary)  ;\n}\n\n.contact_check span {\n    color: #000 !important;\n    cursor: pointer;\n}\n\n.contact_check .wpcf7-list-item{\n    margin: 0;\n    \n}\n.contact_text{\n    color: #828282;\n    font-size: 120px;\n    margin-top: 5px;\n}\n.contact_text strong{\n    color: #EA0029;\n    font-weight: normal;\n}\n\n.formularioc .col-lg-6 {\n    position: relative;\n    width: 100%;\n    padding: 0px 6px;\n}\n\n.formularioc .col-12 {\n    position: relative;\n    width: 100%;\n    padding: 0px 6px;\n}\n\n\n\ninput[type=checkbox] {\n    position: relative;\n    width: 15px;\n    height: 15px;\n    top: 0px;\n    margin-left: -8px;\n    margin-right: -4px;\n    accent-color: rgba(255, 255, 255, 0.00);\n\n}\n\ninput[type=checkbox]:focus {\n    outline: none !important;\n}\n\ninput[type=checkbox]:before {\n    content: \"\";\n    position: absolute;\n    top: -2px;\n    left: 0;\n    width: 20px;\n    height: 20px;\n    background: #fff;\n    border: 1px solid var( --e-global-color-primary );\n    border-radius: 2px;\n    transition: .2s;\n}\n\ninput[type=checkbox]:checked:before {\n    background-color: #fff;\n    border: 1px solid var( --e-global-color-primary );\n    border-radius: 2px !important;\n    top: -2px;\n}\n\ninput[type=checkbox]:after {\n    content: \"\";\n    position: absolute;\n    top: 2px;\n    bottom: 0;\n    right: ;\n    left: 3px;\n    background-image: url(http:\/\/absec.com.pe\/adminserverweb\/wp-content\/uploads\/2023\/11\/marca-de-verificacion.svg);\n    width: 14px;\n    height: 10px;\n    background-repeat: no-repeat;\n    background-size: cover;\n    background-position: center;\n    margin: auto;\n    opacity: 0;\n    border-radius: 15px;\n    transition: .2s;\n    cursor: pointer;\n}\n\ninput[type=checkbox]:checked:after {\n    opacity: 1;\n}\n\n\n\n .selecpuesto label:after {\n     content: \"\";\n    position: absolute;\n    padding: 20px 20px;\n    top:6px;\n    right: 10px;\n     width: 18px;\n    height: 18px;\n    background-image: url(http:\/\/absec.com.pe\/adminserverweb\/wp-content\/uploads\/2023\/11\/selec.svg);\n    background-repeat: no-repeat;\n    background-position: center;\n    background-color: #fff;\n    \n}\n\n\n\n\/* Formulario CSS *\/\n\n#file-input::file-selector-button {\n    visibility: hidden;\n  margin-right: 10px;\n  border: none;\n  background: #084cdf;\n  padding: 2px 6px;\n  border-radius: 8px;\n  color: #fff;\n  cursor: pointer;\n\n}\n\n\n.documentocv strong  {\n    color: #000 !important;\n    font-size: 13px !important;\n    padding: 6px 28px 6px 8px;\n    background-color: ;\n    position: absolute;\n    z-index: 6;\n    margin: 12px 0px 0px 34px;\n    cursor: pointer;\n}\n\n.documentocv strong:before  {\n     content: \"\";\n    position: absolute;\n    padding: 16px 24px 16px 0px;\n    top: -4px;\n    left: -24px;\n    width: 18px;\n    height: 18px;\n    background-image: url(http:\/\/absec.com.pe\/adminserverweb\/wp-content\/uploads\/2023\/11\/adjuntar-cv.svg);\n    background-repeat: no-repeat;\n    background-position: center;\n    \n}\n\n@media screen and (max-width: 767px){\n.documentocv strong  {\n    color: #000 !important;\n    font-size: 13px !important;\n    padding: 6px 16px 6px 20px;\n    margin: 10px 0px 0px 34px;\n}\n}\n\n\n\n\/* Formulario CSS *\/\n\n<\/style>\t\t\t\t<\/div>\n\t\t\t\t<\/div>\n\t\t\t\t\t<\/div>\n\t\t<\/div>\n\t\t\t\t\t<\/div>\n\t\t<\/section>\n\t\t\t\t<\/div>\n\t\t","protected":false},"excerpt":{"rendered":"<p>Trabaja con nosotros \u00danete a nuestro equipo Descubre oportunidades emocionantes para formar parte de nuestro equipo y contribuir a nuestro \u00e9xito compartido. Canales de postulaci\u00f3n Escr\u00edbenos administracion@absec.com.pe Postular por D\u00e9janos tus datos y pronto un asesor se contactar\u00e1 contigo. Seleccionar puesto*SeguridadOtros Adjuntar CVAdjuntar CV (JPG, PNG, DOC, PDF, PPT), que no supere los 5MB (*) [&hellip;]<\/p>\n","protected":false},"author":1,"featured_media":0,"parent":0,"menu_order":0,"comment_status":"closed","ping_status":"closed","template":"","meta":{"_acf_changed":false,"_joinchat":[],"footnotes":""},"class_list":["post-15","page","type-page","status-publish","hentry"],"acf":[],"_links":{"self":[{"href":"http:\/\/absec.com.pe\/adminserverweb\/wp-json\/wp\/v2\/pages\/15","targetHints":{"allow":["GET"]}}],"collection":[{"href":"http:\/\/absec.com.pe\/adminserverweb\/wp-json\/wp\/v2\/pages"}],"about":[{"href":"http:\/\/absec.com.pe\/adminserverweb\/wp-json\/wp\/v2\/types\/page"}],"author":[{"embeddable":true,"href":"http:\/\/absec.com.pe\/adminserverweb\/wp-json\/wp\/v2\/users\/1"}],"replies":[{"embeddable":true,"href":"http:\/\/absec.com.pe\/adminserverweb\/wp-json\/wp\/v2\/comments?post=15"}],"version-history":[{"count":130,"href":"http:\/\/absec.com.pe\/adminserverweb\/wp-json\/wp\/v2\/pages\/15\/revisions"}],"predecessor-version":[{"id":1284,"href":"http:\/\/absec.com.pe\/adminserverweb\/wp-json\/wp\/v2\/pages\/15\/revisions\/1284"}],"wp:attachment":[{"href":"http:\/\/absec.com.pe\/adminserverweb\/wp-json\/wp\/v2\/media?parent=15"}],"curies":[{"name":"wp","href":"https:\/\/api.w.org\/{rel}","templated":true}]}}